{"id":229028,"date":"2022-07-11T14:03:11","date_gmt":"2022-07-11T14:03:11","guid":{"rendered":"http:\/\/rooftopbiosfera.com\/jurassic-kingdom-mini-golf\/"},"modified":"2024-12-10T10:59:52","modified_gmt":"2024-12-10T10:59:52","slug":"jurassic-kingdom-mini-golf","status":"publish","type":"page","link":"https:\/\/rooftopbiosfera.com\/es\/jurassic-kingdom-mini-golf\/","title":{"rendered":"Jurassic Kingdom Mini Golf"},"content":{"rendered":"<p>[et_pb_section fb_built=\u00bb1&#8243; custom_padding_last_edited=\u00bboff|phone\u00bb admin_label=\u00bbHeader\u00bb _builder_version=\u00bb4.17.4&#8243; _module_preset=\u00bbdefault\u00bb use_background_color_gradient=\u00bbon\u00bb background_color_gradient_stops=\u00bb#29327c 0%|#8a5c89 9%|#cb665d 20%|#f2af1c 37%|#ffeebb 52%|#afd9eb 60%|rgba(8, 79, 152, 0.98) 79%|#005ba8 100%\u00bb background_color_gradient_start=\u00bb#000000&#8243; background_color_gradient_end=\u00bbrgba(0,0,0,0.5)\u00bb background_enable_image=\u00bboff\u00bb background_video_mp4=\u00bbhttp:\/\/rooftopbiosfera.com\/wp-content\/uploads\/2022\/07\/Mini-golf-Rooftop-2022_1.mp4&#8243; custom_padding=\u00bb10vw||10vw||true|false\u00bb locked=\u00bboff\u00bb collapsed=\u00bboff\u00bb global_colors_info=\u00bb{}\u00bb][et_pb_row _builder_version=\u00bb4.22.2&#8243; _module_preset=\u00bbdefault\u00bb background_enable_image=\u00bboff\u00bb custom_margin=\u00bb||||false|false\u00bb custom_padding=\u00bb115px||100px||false|false\u00bb global_colors_info=\u00bb{}\u00bb][et_pb_column type=\u00bb4_4&#8243; _builder_version=\u00bb4.16&#8243; _module_preset=\u00bbdefault\u00bb global_colors_info=\u00bb{}\u00bb][et_pb_image src=\u00bbhttp:\/\/rooftopbiosfera.com\/wp-content\/uploads\/2022\/07\/Jurassic-Kingdom-Logo-color.png\u00bb title_text=\u00bbJurassic-Kingdom-Logo-color\u00bb align=\u00bbcenter\u00bb _builder_version=\u00bb4.17.4&#8243; _module_preset=\u00bbdefault\u00bb width=\u00bb52%\u00bb global_colors_info=\u00bb{}\u00bb][\/et_pb_image][\/et_pb_column][\/et_pb_row][\/et_pb_section][et_pb_section fb_built=\u00bb1&#8243; custom_padding_last_edited=\u00bbon|desktop\u00bb admin_label=\u00bbsection\u00bb module_id=\u00bbsection2&#8243; _builder_version=\u00bb4.16&#8243; background_color=\u00bb#ffffff\u00bb custom_margin=\u00bb||1px|||\u00bb custom_padding=\u00bb0px||54px|||\u00bb custom_padding_tablet=\u00bb50px|0|50px|0&#8243; custom_padding_phone=\u00bb\u00bb transparent_background=\u00bboff\u00bb padding_mobile=\u00bboff\u00bb locked=\u00bboff\u00bb global_colors_info=\u00bb{}\u00bb][et_pb_row use_custom_gutter=\u00bbon\u00bb gutter_width=\u00bb1&#8243; _builder_version=\u00bb4.17.4&#8243; _module_preset=\u00bbdefault\u00bb max_width=\u00bb100%\u00bb global_colors_info=\u00bb{}\u00bb][et_pb_column type=\u00bb4_4&#8243; _builder_version=\u00bb4.17.4&#8243; _module_preset=\u00bbdefault\u00bb global_colors_info=\u00bb{}\u00bb][et_pb_gallery gallery_ids=\u00bb228418,228420,228419,228421&#8243; show_title_and_caption=\u00bboff\u00bb show_pagination=\u00bboff\u00bb _builder_version=\u00bb4.17.4&#8243; _module_preset=\u00bbdefault\u00bb global_colors_info=\u00bb{}\u00bb][\/et_pb_gallery][\/et_pb_column][\/et_pb_row][et_pb_row _builder_version=\u00bb4.16&#8243; background_size=\u00bbinitial\u00bb background_position=\u00bbtop_left\u00bb background_repeat=\u00bbrepeat\u00bb global_colors_info=\u00bb{}\u00bb][et_pb_column type=\u00bb4_4&#8243; _builder_version=\u00bb4.16&#8243; custom_padding=\u00bb|||\u00bb global_colors_info=\u00bb{}\u00bb custom_padding__hover=\u00bb|||\u00bb][et_pb_text admin_label=\u00bblost world main title\u00bb _builder_version=\u00bb4.17.4&#8243; text_font=\u00bbTeko|700||on|||||\u00bb text_font_size=\u00bb80px\u00bb header_font=\u00bb|700||on|||||\u00bb header_text_align=\u00bbcenter\u00bb header_text_color=\u00bb#000000&#8243; header_font_size=\u00bb60px\u00bb header_2_font=\u00bbAllerta Stencil|600||on|||||\u00bb header_2_text_color=\u00bb#0f964e\u00bb header_2_font_size=\u00bb50px\u00bb background_color=\u00bb#ffffff\u00bb background_size=\u00bbinitial\u00bb background_position=\u00bbtop_left\u00bb background_repeat=\u00bbrepeat\u00bb text_orientation=\u00bbcenter\u00bb custom_padding=\u00bb30px|0px|20px|0px\u00bb header_font_size_tablet=\u00bb50px\u00bb header_font_size_phone=\u00bb30px\u00bb header_font_size_last_edited=\u00bbon|phone\u00bb header_2_font_size_tablet=\u00bb40px\u00bb header_2_font_size_phone=\u00bb30px\u00bb header_2_font_size_last_edited=\u00bbon|phone\u00bb use_border_color=\u00bboff\u00bb global_colors_info=\u00bb{}\u00bb]<\/p>\n<h1>Jurassic Kingdom crazy golf adventure<\/h1>\n<p>[\/et_pb_text][et_pb_text _builder_version=\u00bb4.27.3&#8243; _module_preset=\u00bbdefault\u00bb text_font=\u00bb||||||||\u00bb text_font_size=\u00bb16px\u00bb header_text_color=\u00bb#000000&#8243; header_3_text_color=\u00bb#000000&#8243; header_3_font_size=\u00bb39px\u00bb header_4_text_color=\u00bb#E27C00&#8243; header_4_font_size=\u00bb32px\u00bb text_orientation=\u00bbcenter\u00bb hover_enabled=\u00bb0&#8243; global_colors_info=\u00bb{}\u00bb sticky_enabled=\u00bb0&#8243;]<\/p>\n<h4 style=\"text-align: center;\">Abierto desde las 10 hasta las 22. 7 dias a la semana<\/h4>\n<p>[\/et_pb_text][\/et_pb_column][\/et_pb_row][et_pb_row column_structure=\u00bb1_3,1_3,1_3&#8243; _builder_version=\u00bb4.16&#8243; global_colors_info=\u00bb{}\u00bb][et_pb_column type=\u00bb1_3&#8243; _builder_version=\u00bb4.16&#8243; custom_padding=\u00bb|||\u00bb global_colors_info=\u00bb{}\u00bb custom_padding__hover=\u00bb|||\u00bb][et_pb_text admin_label=\u00bblost world text\u00bb _builder_version=\u00bb4.27.3&#8243; text_font=\u00bb|500|||||||\u00bb text_font_size=\u00bb16px\u00bb header_6_font=\u00bbTeko|500|||||||\u00bb header_6_text_color=\u00bb#000000&#8243; header_6_font_size=\u00bb24px\u00bb background_color=\u00bb#ffffff\u00bb background_size=\u00bbinitial\u00bb background_position=\u00bbtop_left\u00bb background_repeat=\u00bbrepeat\u00bb use_border_color=\u00bboff\u00bb global_colors_info=\u00bb{}\u00bb]<\/p>\n<p><strong>\u00a1Viaja en el tiempo en el Reino Jur\u00e1sico de Lanzarote!<\/strong><\/p>\n<p>Por primera vez en la historia de Lanzarote, descubre los secretos del pasado prehist\u00f3rico de nuestro planeta. En el Reino Jur\u00e1sico, los dinosaurios cobran vida para coexistir con los humanos en una experiencia interactiva impresionante.<\/p>\n<p>\ud83c\udfaf <strong>Desaf\u00eda tus habilidades<\/strong><br \/>Ad\u00e9ntrate en un emocionante juego de Mini Golf, donde cada golpe te lleva al coraz\u00f3n de una aventura jur\u00e1sica. Navega por paisajes prehist\u00f3ricos llenos de dinosaurios realistas&#8230; \u00a1pero cuidado, podr\u00edan estar observ\u00e1ndote!<\/p>\n<p>\ud83c\udf0b <strong>Escucha el rugido de la Tierra<\/strong><br \/>Sum\u00e9rgete en los sonidos de un mundo de hace millones de a\u00f1os. Desde el susurro de los helechos hasta los rugidos atronadores de los dinosaurios, siente c\u00f3mo ser\u00eda viajar al pasado.<\/p>\n<p>\u00a1\u00danete a nosotros y vive las maravillas asombrosas del Reino Jur\u00e1sico, donde la aventura y la historia se encuentran!<\/p>\n<p>[\/et_pb_text][\/et_pb_column][et_pb_column type=\u00bb1_3&#8243; _builder_version=\u00bb4.16&#8243; custom_padding=\u00bb|||\u00bb global_colors_info=\u00bb{}\u00bb custom_padding__hover=\u00bb|||\u00bb][et_pb_text admin_label=\u00bblost world text\u00bb _builder_version=\u00bb4.27.3&#8243; text_font=\u00bb|500|||||||\u00bb text_font_size=\u00bb16px\u00bb header_6_font=\u00bbTeko|500|||||||\u00bb header_6_text_color=\u00bb#000000&#8243; header_6_font_size=\u00bb24px\u00bb background_color=\u00bb#ffffff\u00bb background_size=\u00bbinitial\u00bb background_position=\u00bbtop_left\u00bb background_repeat=\u00bbrepeat\u00bb use_border_color=\u00bboff\u00bb global_colors_info=\u00bb{}\u00bb]<\/p>\n<p><strong>Marav\u00edllate con un imponente T-Rex o examina huevos de dinosaurio&#8230; \u00a1pero date prisa antes de que eclosionen y crezcan!<\/strong><\/p>\n<p>\u00bfEs un ave? \u00bfUn avi\u00f3n? \u00bfUn Pterod\u00e1ctilo o un Pteranod\u00f3n? \u00a1Descubre qui\u00e9n ser\u00e1 el ganador del juego en el Reino Jur\u00e1sico!<\/p>\n<p>Juega rodeado de impresionantes vistas costeras durante el d\u00eda y disfruta de un ambiente completamente iluminado por la noche. Adem\u00e1s, el restaurante <strong>Lost World Rainforest<\/strong>, ubicado justo al lado, te espera con refrescos y un men\u00fa completo para recargar energ\u00edas.<\/p>\n<p>[\/et_pb_text][\/et_pb_column][et_pb_column type=\u00bb1_3&#8243; _builder_version=\u00bb4.16&#8243; custom_padding=\u00bb|||\u00bb global_colors_info=\u00bb{}\u00bb custom_padding__hover=\u00bb|||\u00bb][et_pb_image src=\u00bbhttp:\/\/rooftopbiosfera.com\/wp-content\/uploads\/2022\/07\/green-dino.png\u00bb show_bottom_space=\u00bboff\u00bb align=\u00bbright\u00bb align_tablet=\u00bbcenter\u00bb align_phone=\u00bb\u00bb align_last_edited=\u00bbon|desktop\u00bb admin_label=\u00bbdino image\u00bb _builder_version=\u00bb4.16&#8243; max_width=\u00bb37%\u00bb module_alignment=\u00bbright\u00bb custom_margin=\u00bb0px||0px|\u00bb custom_padding=\u00bb0px||0px|\u00bb global_colors_info=\u00bb{}\u00bb][\/et_pb_image][et_pb_text _builder_version=\u00bb4.27.3&#8243; _module_preset=\u00bbdefault\u00bb text_font=\u00bb|700|||||||\u00bb text_text_color=\u00bb#E27C00&#8243; global_colors_info=\u00bb{}\u00bb]<\/p>\n<p>Durante las horas pico, entre las 12:00 y las 14:00, y entre las 19:00 y las 21:00, puede haber una breve lista de espera para ingresar al Reino Jur\u00e1sico.<\/p>\n<p>[\/et_pb_text][\/et_pb_column][\/et_pb_row][et_pb_row column_structure=\u00bb1_3,1_3,1_3&#8243; _builder_version=\u00bb4.17.6&#8243; _module_preset=\u00bbdefault\u00bb global_colors_info=\u00bb{}\u00bb][et_pb_column type=\u00bb1_3&#8243; _builder_version=\u00bb4.17.6&#8243; _module_preset=\u00bbdefault\u00bb global_colors_info=\u00bb{}\u00bb][et_pb_text admin_label=\u00bblost world text\u00bb _builder_version=\u00bb4.27.3&#8243; text_font=\u00bb||||||||\u00bb text_font_size=\u00bb16px\u00bb header_5_font=\u00bbMontserrat|600|||||||\u00bb header_5_text_color=\u00bb#E27C00&#8243; header_5_font_size=\u00bb24px\u00bb header_5_line_height=\u00bb1.3em\u00bb header_6_font=\u00bbTeko|500|||||||\u00bb header_6_text_color=\u00bb#000000&#8243; header_6_font_size=\u00bb24px\u00bb background_color=\u00bb#ffffff\u00bb background_size=\u00bbinitial\u00bb background_position=\u00bbtop_left\u00bb background_repeat=\u00bbrepeat\u00bb use_border_color=\u00bboff\u00bb global_colors_info=\u00bb{}\u00bb]<\/p>\n<h5>9.00\u20ac Adultos 7.00\u20ac Ni\u00f1os (hasta los 14 a\u00f1os)<\/h5>\n<p>Paga en nuestro mostrador<\/p>\n<h5><\/h5>\n<p><strong>\u00a1O descubre nuestros mejores pases y ahorra a lo grande!<\/strong><\/p>\n<p>[\/et_pb_text][\/et_pb_column][et_pb_column type=\u00bb1_3&#8243; _builder_version=\u00bb4.17.6&#8243; _module_preset=\u00bbdefault\u00bb custom_padding=\u00bb6px||10px||false|false\u00bb border_width_all=\u00bb1px\u00bb border_color_all=\u00bb#E27C00&#8243; box_shadow_style=\u00bbpreset3&#8243; global_colors_info=\u00bb{}\u00bb][et_pb_text admin_label=\u00bbpassport pack text\u00bb _builder_version=\u00bb4.27.3&#8243; text_font=\u00bb||||||||\u00bb text_font_size=\u00bb16px\u00bb header_5_font=\u00bbMontserrat|800|||||||\u00bb header_5_text_color=\u00bb#E27C00&#8243; header_5_font_size=\u00bb19px\u00bb header_5_line_height=\u00bb1.3em\u00bb header_6_font=\u00bbMontserrat|500|||||||\u00bb header_6_text_color=\u00bb#000000&#8243; header_6_font_size=\u00bb16px\u00bb background_color=\u00bb#ffffff\u00bb background_size=\u00bbinitial\u00bb background_position=\u00bbtop_left\u00bb background_repeat=\u00bbrepeat\u00bb text_orientation=\u00bbcenter\u00bb custom_margin=\u00bb||12px|||\u00bb use_border_color=\u00bboff\u00bb global_colors_info=\u00bb{}\u00bb]<\/p>\n<h5>Holiday passport pack<\/h5>\n<ul>\n<li>4 x Increible 6D Galaxia Rides<\/li>\n<li>2 x Jurassic Kingdom mini golf<\/li>\n<\/ul>\n<p><strong>Adultos : 25\u20ac <\/strong><br \/><b>Ni\u00f1os hasta<\/b><em> 14 <\/em><strong>: 23\u20ac<br \/><\/strong><\/p>\n<p>[\/et_pb_text][et_pb_button button_url=\u00bbhttps:\/\/rooftopbiosfera.rezdy.com\/511135\/holiday-passport-pack\u00bb url_new_window=\u00bbon\u00bb button_text=\u00bbCompra holiday passport pack\u00bb _builder_version=\u00bb4.27.3&#8243; _module_preset=\u00bbdefault\u00bb custom_button=\u00bbon\u00bb button_text_size=\u00bb15px\u00bb button_text_color=\u00bb#FFFFFF\u00bb button_bg_color=\u00bb#E27C00&#8243; button_border_width=\u00bb0px\u00bb button_border_radius=\u00bb6px\u00bb button_letter_spacing=\u00bb1px\u00bb button_font=\u00bbMontserrat|600||on|||||\u00bb button_icon=\u00bb&#xe033;||divi||400&#8243; button_icon_placement=\u00bbleft\u00bb button_on_hover=\u00bboff\u00bb custom_margin=\u00bb0px||||false|false\u00bb custom_padding=\u00bb10px||10px||true|false\u00bb global_colors_info=\u00bb{}\u00bb button_bg_color__hover=\u00bbRGBA(0,48,107,0.95)\u00bb button_bg_color__hover_enabled=\u00bbon|hover\u00bb][\/et_pb_button][\/et_pb_column][et_pb_column type=\u00bb1_3&#8243; _builder_version=\u00bb4.17.6&#8243; _module_preset=\u00bbdefault\u00bb custom_padding=\u00bb6px||10px||false|false\u00bb border_width_all=\u00bb1px\u00bb border_color_all=\u00bb#E27C00&#8243; box_shadow_style=\u00bbpreset3&#8243; global_colors_info=\u00bb{}\u00bb][et_pb_text admin_label=\u00bball inc pass text\u00bb _builder_version=\u00bb4.27.3&#8243; text_font=\u00bb||||||||\u00bb text_font_size=\u00bb16px\u00bb header_5_font=\u00bbMontserrat|800|||||||\u00bb header_5_text_color=\u00bb#E27C00&#8243; header_5_font_size=\u00bb19px\u00bb header_5_line_height=\u00bb1.3em\u00bb header_6_font=\u00bbMontserrat|500|||||||\u00bb header_6_text_color=\u00bb#000000&#8243; header_6_font_size=\u00bb16px\u00bb background_color=\u00bb#ffffff\u00bb background_size=\u00bbinitial\u00bb background_position=\u00bbtop_left\u00bb background_repeat=\u00bbrepeat\u00bb text_orientation=\u00bbcenter\u00bb custom_margin=\u00bb||12px|||\u00bb use_border_color=\u00bboff\u00bb global_colors_info=\u00bb{}\u00bb]<\/p>\n<h5>All inclusive pass<\/h5>\n<ul>\n<li>2 x Galaxia rides de su eleccion<\/li>\n<li>1 x Jurassic Kingdom mini golf<\/li>\n<\/ul>\n<p><strong>Adultos : 15\u20ac <\/strong><br \/><b>Ni\u00f1os hasta<\/b><em> 14 <\/em><strong>: 13\u20ac<br \/><\/strong><\/p>\n<p>[\/et_pb_text][et_pb_button button_url=\u00bbhttps:\/\/rooftopbiosfera.rezdy.com\/511139\/all-inclusive-pass\u00bb url_new_window=\u00bbon\u00bb button_text=\u00bbCompra all inclusive pass\u00bb _builder_version=\u00bb4.27.3&#8243; _module_preset=\u00bbdefault\u00bb custom_button=\u00bbon\u00bb button_text_size=\u00bb16px\u00bb button_text_color=\u00bb#FFFFFF\u00bb button_bg_color=\u00bb#E27C00&#8243; button_border_width=\u00bb0px\u00bb button_border_radius=\u00bb6px\u00bb button_letter_spacing=\u00bb1px\u00bb button_font=\u00bbMontserrat|600||on|||||\u00bb button_icon=\u00bb&#xe033;||divi||400&#8243; button_icon_placement=\u00bbleft\u00bb button_on_hover=\u00bboff\u00bb custom_margin=\u00bb0px||||false|false\u00bb custom_padding=\u00bb10px||10px||true|false\u00bb global_colors_info=\u00bb{}\u00bb button_bg_color__hover=\u00bbRGBA(0,48,107,0.95)\u00bb button_bg_color__hover_enabled=\u00bbon|hover\u00bb][\/et_pb_button][\/et_pb_column][\/et_pb_row][\/et_pb_section][et_pb_section fb_built=\u00bb1&#8243; admin_label=\u00bbFooter\u00bb module_id=\u00bbfooter\u00bb _builder_version=\u00bb4.17.6&#8243; _module_preset=\u00bbdefault\u00bb background_color=\u00bb#E27C00&#8243; use_background_color_gradient=\u00bbon\u00bb background_color_gradient_stops=\u00bb#000000 0%|rgba(0,0,0,0) 100%\u00bb background_color_gradient_overlays_image=\u00bbon\u00bb background_color_gradient_start=\u00bb#000000&#8243; background_color_gradient_end=\u00bbrgba(0,0,0,0)\u00bb background_color_gradient_end_position=\u00bb50%\u00bb background_enable_image=\u00bboff\u00bb custom_margin=\u00bb46px|||||\u00bb locked=\u00bboff\u00bb global_colors_info=\u00bb{}\u00bb][et_pb_row column_structure=\u00bb1_4,1_4,1_4,1_4&#8243; use_custom_gutter=\u00bbon\u00bb gutter_width=\u00bb2&#8243; make_equal=\u00bbon\u00bb _builder_version=\u00bb4.23.1&#8243; _module_preset=\u00bbdefault\u00bb max_width=\u00bb80%\u00bb custom_padding=\u00bb||0px|||\u00bb locked=\u00bboff\u00bb global_colors_info=\u00bb{}\u00bb][et_pb_column type=\u00bb1_4&#8243; _builder_version=\u00bb4.16&#8243; _module_preset=\u00bbdefault\u00bb global_colors_info=\u00bb{}\u00bb][et_pb_text _builder_version=\u00bb4.23.1&#8243; _module_preset=\u00bbdefault\u00bb text_line_height=\u00bb1.8em\u00bb link_text_align=\u00bbleft\u00bb link_text_color=\u00bb#ffffff\u00bb header_4_font=\u00bbMontserrat|700||on|||||\u00bb header_4_text_color=\u00bbrgba(255,255,255,0.5)\u00bb header_4_font_size=\u00bb14px\u00bb header_4_letter_spacing=\u00bb2px\u00bb header_4_line_height=\u00bb1.4em\u00bb background_layout=\u00bbdark\u00bb max_width=\u00bb600px\u00bb locked=\u00bboff\u00bb global_colors_info=\u00bb{}\u00bb]<\/p>\n<h4>Need Help? Contact us!<\/h4>\n<p><strong>Tlf: <a href=\"tel:0034928511690\">+34 928 511 690<\/a><\/strong><\/p>\n<p><strong>Email: <a href=\"mailto:info@rootopbiosfera.com\">rooftopbiosfera@gmail.com<\/a><\/strong><\/p>\n<p>[\/et_pb_text][\/et_pb_column][et_pb_column type=\u00bb1_4&#8243; _builder_version=\u00bb4.16&#8243; _module_preset=\u00bbdefault\u00bb global_colors_info=\u00bb{}\u00bb][et_pb_text _builder_version=\u00bb4.23.1&#8243; _module_preset=\u00bbdefault\u00bb text_line_height=\u00bb1.8em\u00bb link_text_align=\u00bbleft\u00bb link_text_color=\u00bb#ffffff\u00bb header_4_font=\u00bbMontserrat|700||on|||||\u00bb header_4_text_color=\u00bbrgba(255,255,255,0.5)\u00bb header_4_font_size=\u00bb14px\u00bb header_4_letter_spacing=\u00bb2px\u00bb header_4_line_height=\u00bb1.4em\u00bb background_layout=\u00bbdark\u00bb max_width=\u00bb600px\u00bb locked=\u00bboff\u00bb global_colors_info=\u00bb{}\u00bb]<\/p>\n<h4>Rooftop address<\/h4>\n<p>Top Floor, Shopping Center Biosfera<br \/>Calle Juan Carlos<br \/>Puerto del Carmen 35510<br \/>Tias, Lanzarote<br \/>(Old town area of Puerto del carmen)<\/p>\n<p>[\/et_pb_text][\/et_pb_column][et_pb_column type=\u00bb1_4&#8243; _builder_version=\u00bb4.16&#8243; _module_preset=\u00bbdefault\u00bb global_colors_info=\u00bb{}\u00bb][et_pb_text _builder_version=\u00bb4.23.1&#8243; _module_preset=\u00bbdefault\u00bb text_line_height=\u00bb1.8em\u00bb link_text_align=\u00bbleft\u00bb link_text_color=\u00bb#ffffff\u00bb header_4_font=\u00bbMontserrat|700||on|||||\u00bb header_4_text_color=\u00bbrgba(255,255,255,0.5)\u00bb header_4_font_size=\u00bb14px\u00bb header_4_letter_spacing=\u00bb2px\u00bb header_4_line_height=\u00bb1.4em\u00bb background_layout=\u00bbdark\u00bb max_width=\u00bb600px\u00bb locked=\u00bboff\u00bb global_colors_info=\u00bb{}\u00bb]<\/p>\n<h4>opening\u00a0 hours<\/h4>\n<p>10.00 hrs &#8211; 22:00 hrs<\/p>\n<p>(Starcaf is open for breakfasts from 9.30am)<\/p>\n<p>&nbsp;<\/p>\n<p>&nbsp;<\/p>\n<p>&nbsp;<\/p>\n<p>[\/et_pb_text][\/et_pb_column][et_pb_column type=\u00bb1_4&#8243; _builder_version=\u00bb4.16&#8243; _module_preset=\u00bbdefault\u00bb global_colors_info=\u00bb{}\u00bb][et_pb_text _builder_version=\u00bb4.23.1&#8243; _module_preset=\u00bbdefault\u00bb text_line_height=\u00bb1.8em\u00bb link_text_align=\u00bbleft\u00bb link_text_color=\u00bb#ffffff\u00bb header_4_font=\u00bbMontserrat|700||on|||||\u00bb header_4_text_color=\u00bbrgba(255,255,255,0.5)\u00bb header_4_font_size=\u00bb14px\u00bb header_4_letter_spacing=\u00bb2px\u00bb header_4_line_height=\u00bb1.4em\u00bb background_layout=\u00bbdark\u00bb max_width=\u00bb600px\u00bb locked=\u00bboff\u00bb global_colors_info=\u00bb{}\u00bb]<\/p>\n<h4>About Rooftop<\/h4>\n<p>Voted best attraction zone in Lanzarote by TripAdvisor!<\/p>\n<p>In the Top 2 of Rooftop bars in Canary Islands by <a href=\"https:\/\/www.therooftopguide.com\/rooftop-bars-in-canary-islands.html\">9 Best Rooftop Bars in Canary Islands [2022 UPDATE] (therooftopguide.com)<\/a><\/p>\n<p>Connect with us<\/p>\n<p>[\/et_pb_text][et_pb_social_media_follow _builder_version=\u00bb4.23.1&#8243; _module_preset=\u00bbdefault\u00bb global_colors_info=\u00bb{}\u00bb][et_pb_social_media_follow_network social_network=\u00bbfacebook\u00bb url=\u00bbhttps:\/\/www.facebook.com\/RooftopLanzarote1&#8243; icon_color=\u00bb#FFFFFF\u00bb _builder_version=\u00bb4.23.1&#8243; _module_preset=\u00bbdefault\u00bb background_color=\u00bb#3b5998&#8243; global_colors_info=\u00bb{}\u00bb follow_button=\u00bboff\u00bb url_new_window=\u00bbon\u00bb]facebook[\/et_pb_social_media_follow_network][et_pb_social_media_follow_network social_network=\u00bbinstagram\u00bb url=\u00bbhttps:\/\/www.instagram.com\/rooftoplanzarote?igsh=cHJ1cnY2ZGZvYXF5&#038;utm_source=qr\u00bb icon_color=\u00bb#FFFFFF\u00bb _builder_version=\u00bb4.23.1&#8243; _module_preset=\u00bbdefault\u00bb background_color=\u00bb#ea2c59&#8243; global_colors_info=\u00bb{}\u00bb follow_button=\u00bboff\u00bb url_new_window=\u00bbon\u00bb]instagram[\/et_pb_social_media_follow_network][et_pb_social_media_follow_network social_network=\u00bbtripadvisor\u00bb url=\u00bbhttps:\/\/www.tripadvisor.com\/Attraction_Review-g954043-d12123593-Reviews-Rooftop_Entertainment-Tias_Lanzarote_Canary_Islands.html\u00bb icon_color=\u00bb#FFFFFF\u00bb _builder_version=\u00bb4.17.6&#8243; _module_preset=\u00bbdefault\u00bb background_color=\u00bb#00af87&#8243; global_colors_info=\u00bb{}\u00bb follow_button=\u00bboff\u00bb url_new_window=\u00bbon\u00bb]tripadvisor[\/et_pb_social_media_follow_network][\/et_pb_social_media_follow][\/et_pb_column][\/et_pb_row][\/et_pb_section]<\/p>\n","protected":false},"excerpt":{"rendered":"<p>Jurassic Kingdom crazy golf adventureAbierto desde las 10 hasta las 22. 7 dias a la semana\u00a1Viaja en el tiempo en el Reino Jur\u00e1sico de Lanzarote! Por primera vez en la [&hellip;]<\/p>\n","protected":false},"author":1,"featured_media":0,"parent":0,"menu_order":0,"comment_status":"closed","ping_status":"closed","template":"","meta":{"_et_pb_use_builder":"on","_et_pb_old_content":"","_et_gb_content_width":"","footnotes":""},"class_list":["post-229028","page","type-page","status-publish","hentry"],"_links":{"self":[{"href":"https:\/\/rooftopbiosfera.com\/es\/wp-json\/wp\/v2\/pages\/229028","targetHints":{"allow":["GET"]}}],"collection":[{"href":"https:\/\/rooftopbiosfera.com\/es\/wp-json\/wp\/v2\/pages"}],"about":[{"href":"https:\/\/rooftopbiosfera.com\/es\/wp-json\/wp\/v2\/types\/page"}],"author":[{"embeddable":true,"href":"https:\/\/rooftopbiosfera.com\/es\/wp-json\/wp\/v2\/users\/1"}],"replies":[{"embeddable":true,"href":"https:\/\/rooftopbiosfera.com\/es\/wp-json\/wp\/v2\/comments?post=229028"}],"version-history":[{"count":20,"href":"https:\/\/rooftopbiosfera.com\/es\/wp-json\/wp\/v2\/pages\/229028\/revisions"}],"predecessor-version":[{"id":230569,"href":"https:\/\/rooftopbiosfera.com\/es\/wp-json\/wp\/v2\/pages\/229028\/revisions\/230569"}],"wp:attachment":[{"href":"https:\/\/rooftopbiosfera.com\/es\/wp-json\/wp\/v2\/media?parent=229028"}],"curies":[{"name":"wp","href":"https:\/\/api.w.org\/{rel}","templated":true}]}}