{"id":229094,"date":"2022-07-12T10:08:29","date_gmt":"2022-07-12T10:08:29","guid":{"rendered":"http:\/\/rooftopbiosfera.com\/skyride-ocean-dive\/"},"modified":"2022-10-10T11:10:01","modified_gmt":"2022-10-10T11:10:01","slug":"skyride-ocean-dive","status":"publish","type":"page","link":"https:\/\/rooftopbiosfera.com\/es\/skyride-ocean-dive\/","title":{"rendered":"Skyride Ocean dive"},"content":{"rendered":"<p>[et_pb_section fb_built=\u00bb1&#8243; custom_padding_last_edited=\u00bboff|phone\u00bb admin_label=\u00bbHeader\u00bb _builder_version=\u00bb4.17.5&#8243; _module_preset=\u00bbdefault\u00bb use_background_color_gradient=\u00bbon\u00bb background_color_gradient_stops=\u00bb#29327c 0%|#8a5c89 9%|#cb665d 20%|#f2af1c 37%|#ffeebb 52%|#afd9eb 60%|rgba(8, 79, 152, 0.98) 79%|#005ba8 100%\u00bb background_color_gradient_start=\u00bb#000000&#8243; background_color_gradient_end=\u00bbrgba(0,0,0,0.5)\u00bb background_enable_image=\u00bboff\u00bb background_video_mp4=\u00bbhttp:\/\/rooftopbiosfera.com\/wp-content\/uploads\/2022\/07\/skyride-oceandive-clip2.mp4&#8243; custom_padding=\u00bb10vw||10vw||true|false\u00bb locked=\u00bboff\u00bb collapsed=\u00bboff\u00bb global_colors_info=\u00bb{}\u00bb][et_pb_row _builder_version=\u00bb4.17.4&#8243; _module_preset=\u00bbdefault\u00bb background_enable_image=\u00bboff\u00bb custom_margin=\u00bb||||false|false\u00bb custom_padding=\u00bb115px||100px||false|false\u00bb locked=\u00bboff\u00bb global_colors_info=\u00bb{}\u00bb][et_pb_column type=\u00bb4_4&#8243; _builder_version=\u00bb4.16&#8243; _module_preset=\u00bbdefault\u00bb global_colors_info=\u00bb{}\u00bb][et_pb_text admin_label=\u00bbText\u00bb _builder_version=\u00bb4.17.6&#8243; _module_preset=\u00bbdefault\u00bb text_text_color=\u00bbrgba(255,255,255,0.5)\u00bb text_font_size=\u00bb16px\u00bb text_line_height=\u00bb1.8em\u00bb header_font=\u00bb|300||on|||||\u00bb header_text_color=\u00bb#FFFFFF\u00bb header_font_size=\u00bb6vw\u00bb header_2_text_color=\u00bb#FFFFFF\u00bb header_2_font_size=\u00bb4.5vw\u00bb header_2_line_height=\u00bb0.1em\u00bb header_3_font=\u00bbMontserrat|700||on|||||\u00bb header_3_text_color=\u00bb#E27C00&#8243; header_3_font_size=\u00bb29px\u00bb header_3_letter_spacing=\u00bb2px\u00bb header_3_line_height=\u00bb1.4em\u00bb text_orientation=\u00bbcenter\u00bb background_layout=\u00bbdark\u00bb header_3_font_size_tablet=\u00bb14px\u00bb header_3_font_size_phone=\u00bb\u00bb header_3_font_size_last_edited=\u00bbon|phone\u00bb header_text_shadow_style=\u00bbpreset4&#8243; header_text_shadow_horizontal_length=\u00bb0.02em\u00bb header_text_shadow_vertical_length=\u00bb0.03em\u00bb header_text_shadow_color=\u00bb#000000&#8243; header_2_text_shadow_style=\u00bbpreset4&#8243; header_2_text_shadow_horizontal_length=\u00bb0.04em\u00bb header_2_text_shadow_vertical_length=\u00bb0.03em\u00bb header_2_text_shadow_color=\u00bb#000000&#8243; locked=\u00bboff\u00bb global_colors_info=\u00bb{}\u00bb]<\/p>\n<h3>Lanzarote<\/h3>\n<h1><strong>Skyride <br \/>y oceandive<\/strong><\/h1>\n<p>[\/et_pb_text][\/et_pb_column][\/et_pb_row][\/et_pb_section][et_pb_section fb_built=\u00bb1&#8243; custom_padding_last_edited=\u00bbon|desktop\u00bb admin_label=\u00bbsection\u00bb module_id=\u00bbsection2&#8243; _builder_version=\u00bb4.16&#8243; background_color=\u00bb#ffffff\u00bb custom_padding=\u00bb0px|||||\u00bb custom_padding_tablet=\u00bb50px|0|50px|0&#8243; custom_padding_phone=\u00bb\u00bb transparent_background=\u00bboff\u00bb padding_mobile=\u00bboff\u00bb locked=\u00bboff\u00bb global_colors_info=\u00bb{}\u00bb][et_pb_row use_custom_gutter=\u00bbon\u00bb gutter_width=\u00bb1&#8243; _builder_version=\u00bb4.17.4&#8243; _module_preset=\u00bbdefault\u00bb max_width=\u00bb100%\u00bb global_colors_info=\u00bb{}\u00bb][et_pb_column type=\u00bb4_4&#8243; _builder_version=\u00bb4.17.4&#8243; _module_preset=\u00bbdefault\u00bb global_colors_info=\u00bb{}\u00bb][et_pb_gallery gallery_ids=\u00bb228448,228449,228450,228451&#8243; show_title_and_caption=\u00bboff\u00bb show_pagination=\u00bboff\u00bb _builder_version=\u00bb4.17.4&#8243; _module_preset=\u00bbdefault\u00bb global_colors_info=\u00bb{}\u00bb][\/et_pb_gallery][\/et_pb_column][\/et_pb_row][et_pb_row _builder_version=\u00bb4.16&#8243; background_size=\u00bbinitial\u00bb background_position=\u00bbtop_left\u00bb background_repeat=\u00bbrepeat\u00bb global_colors_info=\u00bb{}\u00bb][et_pb_column type=\u00bb4_4&#8243; _builder_version=\u00bb4.16&#8243; custom_padding=\u00bb|||\u00bb global_colors_info=\u00bb{}\u00bb custom_padding__hover=\u00bb|||\u00bb][et_pb_text admin_label=\u00bbskyride main title\u00bb _builder_version=\u00bb4.17.6&#8243; text_font=\u00bbTeko|700||on|||||\u00bb text_font_size=\u00bb80px\u00bb header_font=\u00bb|700||on|||||\u00bb header_text_align=\u00bbcenter\u00bb header_text_color=\u00bb#000000&#8243; header_font_size=\u00bb60px\u00bb header_2_font=\u00bbAllerta Stencil|600||on|||||\u00bb header_2_text_color=\u00bb#0f964e\u00bb header_2_font_size=\u00bb50px\u00bb background_color=\u00bb#ffffff\u00bb background_size=\u00bbinitial\u00bb background_position=\u00bbtop_left\u00bb background_repeat=\u00bbrepeat\u00bb text_orientation=\u00bbcenter\u00bb custom_padding=\u00bb30px|0px|20px|0px\u00bb header_font_size_tablet=\u00bb50px\u00bb header_font_size_phone=\u00bb30px\u00bb header_font_size_last_edited=\u00bbon|phone\u00bb header_2_font_size_tablet=\u00bb40px\u00bb header_2_font_size_phone=\u00bb30px\u00bb header_2_font_size_last_edited=\u00bbon|phone\u00bb use_border_color=\u00bboff\u00bb global_colors_info=\u00bb{}\u00bb]<\/p>\n<h1>Visitas a la isla y<br \/>\nBuceo en el oc\u00e9ano<\/h1>\n<p>[\/et_pb_text][et_pb_text _builder_version=\u00bb4.17.6&#8243; _module_preset=\u00bbdefault\u00bb text_font=\u00bb||||||||\u00bb text_font_size=\u00bb16px\u00bb header_text_color=\u00bb#000000&#8243; header_3_text_color=\u00bb#000000&#8243; header_3_font_size=\u00bb39px\u00bb header_4_text_color=\u00bb#E27C00&#8243; header_4_font_size=\u00bb32px\u00bb text_orientation=\u00bbcenter\u00bb global_colors_info=\u00bb{}\u00bb]<\/p>\n<h4>tres experiencias \u00fanicas para descubrir lanzarote y Fuerteventura<\/h4>\n<p>[\/et_pb_text][\/et_pb_column][\/et_pb_row][et_pb_row column_structure=\u00bb1_3,1_3,1_3&#8243; _builder_version=\u00bb4.16&#8243; global_colors_info=\u00bb{}\u00bb][et_pb_column type=\u00bb1_3&#8243; _builder_version=\u00bb4.16&#8243; custom_padding=\u00bb|||\u00bb global_colors_info=\u00bb{}\u00bb custom_padding__hover=\u00bb|||\u00bb][et_pb_text admin_label=\u00bbskyride text\u00bb _builder_version=\u00bb4.17.6&#8243; text_font=\u00bb|500|||||||\u00bb text_font_size=\u00bb16px\u00bb header_text_color=\u00bb#0085DD\u00bb header_3_text_align=\u00bbcenter\u00bb header_3_text_color=\u00bb#0085DD\u00bb header_3_font_size=\u00bb18px\u00bb header_6_font=\u00bbTeko|500|||||||\u00bb header_6_text_color=\u00bb#000000&#8243; header_6_font_size=\u00bb24px\u00bb background_color=\u00bb#ffffff\u00bb background_size=\u00bbinitial\u00bb background_position=\u00bbtop_left\u00bb background_repeat=\u00bbrepeat\u00bb use_border_color=\u00bboff\u00bb global_colors_info=\u00bb{}\u00bb]<\/p>\n<h1>Skyride Lanzarote<\/h1>\n<p>SKYRIDE ofrece un paseo virtual \u00fanico en la isla de Lanzarote en un simulador de vuelo de alta calidad. Llegar a donde pocos han ido antes; sobrevolar los volcanes, deslizarse alrededor de los acantilados, amerizar bajo el mar.[\/et_pb_text][\/et_pb_column][et_pb_column type=\u00bb1_3&#8243; _builder_version=\u00bb4.16&#8243; custom_padding=\u00bb|||\u00bb global_colors_info=\u00bb{}\u00bb custom_padding__hover=\u00bb|||\u00bb][et_pb_text admin_label=\u00bbskyride text\u00bb _builder_version=\u00bb4.17.6&#8243; text_font=\u00bb|500|||||||\u00bb text_font_size=\u00bb16px\u00bb header_text_color=\u00bb#0085DD\u00bb header_3_text_align=\u00bbcenter\u00bb header_3_text_color=\u00bb#0085DD\u00bb header_3_font_size=\u00bb18px\u00bb header_6_font=\u00bbTeko|500|||||||\u00bb header_6_text_color=\u00bb#000000&#8243; header_6_font_size=\u00bb24px\u00bb background_color=\u00bb#ffffff\u00bb background_size=\u00bbinitial\u00bb background_position=\u00bbtop_left\u00bb background_repeat=\u00bbrepeat\u00bb use_border_color=\u00bboff\u00bb global_colors_info=\u00bb{}\u00bb]<\/p>\n<h1>Flytour Fuerteventura<\/h1>\n<p>Vea Fuerteventura como nunca antes, con nuestra simulaci\u00f3n de vuelo utilizando im\u00e1genes capturadas por drones combinadas con el incre\u00edble cine 6D. Vive las islas, sus desaires y olores. Una experiencia \u00fanica que no debe perderse.<\/p>\n<p>[\/et_pb_text][et_pb_text admin_label=\u00bbskyride text\u00bb _builder_version=\u00bb4.17.6&#8243; text_font=\u00bb|500|||||||\u00bb text_font_size=\u00bb16px\u00bb header_3_text_align=\u00bbcenter\u00bb header_3_text_color=\u00bb#0085DD\u00bb header_3_font_size=\u00bb18px\u00bb header_6_font=\u00bbTeko|500|||||||\u00bb header_6_text_color=\u00bb#000000&#8243; header_6_font_size=\u00bb24px\u00bb background_color=\u00bb#ffffff\u00bb background_size=\u00bbinitial\u00bb background_position=\u00bbtop_left\u00bb background_repeat=\u00bbrepeat\u00bb use_border_color=\u00bboff\u00bb global_colors_info=\u00bb{}\u00bb]<\/p>\n<h3>Coja el vuelo y sienta el viento por su cabello mientras vuela por encima de las impresionantes vistas de  Islas Canarias<\/h3>\n<p>[\/et_pb_text][\/et_pb_column][et_pb_column type=\u00bb1_3&#8243; _builder_version=\u00bb4.16&#8243; custom_padding=\u00bb|||\u00bb global_colors_info=\u00bb{}\u00bb custom_padding__hover=\u00bb|||\u00bb][et_pb_text admin_label=\u00bboceandive text\u00bb _builder_version=\u00bb4.17.6&#8243; text_font=\u00bb|500|||||||\u00bb text_font_size=\u00bb16px\u00bb header_text_color=\u00bb#0085DD\u00bb header_3_text_align=\u00bbcenter\u00bb header_3_text_color=\u00bb#0085DD\u00bb header_3_font_size=\u00bb18px\u00bb header_6_font=\u00bbTeko|500|||||||\u00bb header_6_text_color=\u00bb#000000&#8243; header_6_font_size=\u00bb24px\u00bb background_color=\u00bb#ffffff\u00bb background_size=\u00bbinitial\u00bb background_position=\u00bbtop_left\u00bb background_repeat=\u00bbrepeat\u00bb use_border_color=\u00bboff\u00bb global_colors_info=\u00bb{}\u00bb]<\/p>\n<h1>OCEANDIVE ATLANTICO<\/h1>\n<p>OCEANDIVE es un viaje maravilloso repleto de descubrimientos bajo el Oc\u00e9ano Atl\u00e1ntico, venga a vivir una experiencia de buceo real, nadar con delfines y ballenas, descubrir antiguos barcos hundidos, ver cuevas, submarinos y una incre\u00edble vida marina bajo el agua.[\/et_pb_text][\/et_pb_column][\/et_pb_row][et_pb_row column_structure=\u00bb1_2,1_2&#8243; _builder_version=\u00bb4.17.6&#8243; _module_preset=\u00bbdefault\u00bb locked=\u00bboff\u00bb global_colors_info=\u00bb{}\u00bb][et_pb_column type=\u00bb1_2&#8243; _builder_version=\u00bb4.17.6&#8243; _module_preset=\u00bbdefault\u00bb global_colors_info=\u00bb{}\u00bb][\/et_pb_column][et_pb_column type=\u00bb1_2&#8243; _builder_version=\u00bb4.17.6&#8243; _module_preset=\u00bbdefault\u00bb custom_padding=\u00bb6px||10px|32px|false|false\u00bb border_width_all=\u00bb1px\u00bb border_color_all=\u00bb#E27C00&#8243; box_shadow_style=\u00bbpreset3&#8243; global_colors_info=\u00bb{}\u00bb][et_pb_text admin_label=\u00bblost world text\u00bb _builder_version=\u00bb4.17.6&#8243; text_font=\u00bb||||||||\u00bb text_font_size=\u00bb16px\u00bb header_5_font=\u00bbMontserrat|600|||||||\u00bb header_5_text_color=\u00bb#E27C00&#8243; header_5_font_size=\u00bb24px\u00bb header_5_line_height=\u00bb1.3em\u00bb header_6_font=\u00bbTeko|500|||||||\u00bb header_6_text_color=\u00bb#000000&#8243; header_6_font_size=\u00bb24px\u00bb background_color=\u00bb#ffffff\u00bb background_size=\u00bbinitial\u00bb background_position=\u00bbtop_left\u00bb background_repeat=\u00bbrepeat\u00bb use_border_color=\u00bboff\u00bb global_colors_info=\u00bb{}\u00bb]<\/p>\n<h5>10\u20ac por persona.<\/h5>\n<p>Paga en el mostrador a la llegada<\/p>\n<p>[\/et_pb_text][\/et_pb_column][\/et_pb_row][\/et_pb_section][et_pb_section fb_built=\u00bb1&#8243; admin_label=\u00bbFooter\u00bb module_id=\u00bbfooter\u00bb _builder_version=\u00bb4.17.4&#8243; _module_preset=\u00bbdefault\u00bb background_color=\u00bb#0085DD\u00bb use_background_color_gradient=\u00bbon\u00bb background_color_gradient_stops=\u00bb#000000 0%|rgba(0,0,0,0) 100%\u00bb background_color_gradient_overlays_image=\u00bbon\u00bb background_color_gradient_start=\u00bb#000000&#8243; background_color_gradient_end=\u00bbrgba(0,0,0,0)\u00bb background_color_gradient_end_position=\u00bb50%\u00bb background_enable_image=\u00bboff\u00bb custom_margin=\u00bb46px|||||\u00bb locked=\u00bboff\u00bb global_colors_info=\u00bb{}\u00bb][et_pb_row column_structure=\u00bb1_4,1_4,1_4,1_4&#8243; use_custom_gutter=\u00bbon\u00bb gutter_width=\u00bb2&#8243; make_equal=\u00bbon\u00bb _builder_version=\u00bb4.17.6&#8243; _module_preset=\u00bbdefault\u00bb max_width=\u00bb80%\u00bb custom_padding=\u00bb||0px|||\u00bb global_module=\u00bb229023&#8243; saved_tabs=\u00bball\u00bb locked=\u00bboff\u00bb global_colors_info=\u00bb{}\u00bb][et_pb_column type=\u00bb1_4&#8243; _builder_version=\u00bb4.16&#8243; _module_preset=\u00bbdefault\u00bb global_colors_info=\u00bb{}\u00bb][et_pb_text _builder_version=\u00bb4.17.6&#8243; _module_preset=\u00bbdefault\u00bb text_line_height=\u00bb1.8em\u00bb link_text_align=\u00bbleft\u00bb link_text_color=\u00bb#ffffff\u00bb header_4_font=\u00bbMontserrat|700||on|||||\u00bb header_4_text_color=\u00bbrgba(255,255,255,0.5)\u00bb header_4_font_size=\u00bb14px\u00bb header_4_letter_spacing=\u00bb2px\u00bb header_4_line_height=\u00bb1.4em\u00bb background_layout=\u00bbdark\u00bb max_width=\u00bb600px\u00bb locked=\u00bboff\u00bb global_colors_info=\u00bb{}\u00bb]<\/p>\n<h4>\u00bfNecesitan ayuda? \u00a1Cont\u00e1ctenos!<\/h4>\n<p><strong>Tlf: <a href=\"tel:0034928511690\">+34 928 511 690<\/a><\/strong><\/p>\n<p><strong>Email: <a href=\"mailto:info@rootopbiosfera.com\">info@rootopbiosfera.com<\/a><\/strong><\/p>\n<p>[\/et_pb_text][\/et_pb_column][et_pb_column type=\u00bb1_4&#8243; _builder_version=\u00bb4.16&#8243; _module_preset=\u00bbdefault\u00bb global_colors_info=\u00bb{}\u00bb][et_pb_text _builder_version=\u00bb4.17.6&#8243; _module_preset=\u00bbdefault\u00bb text_line_height=\u00bb1.8em\u00bb link_text_align=\u00bbleft\u00bb link_text_color=\u00bb#ffffff\u00bb header_4_font=\u00bbMontserrat|700||on|||||\u00bb header_4_text_color=\u00bbrgba(255,255,255,0.5)\u00bb header_4_font_size=\u00bb14px\u00bb header_4_letter_spacing=\u00bb2px\u00bb header_4_line_height=\u00bb1.4em\u00bb background_layout=\u00bbdark\u00bb max_width=\u00bb600px\u00bb locked=\u00bboff\u00bb global_colors_info=\u00bb{}\u00bb]<\/p>\n<h4>Rooftop direcci\u00f3n<\/h4>\n<p>Centro Comercial Biosfera<br \/>Calle Juan Carlos<br \/>Puerto del Carmen 35510<br \/>Tias, Lanzarote[\/et_pb_text][\/et_pb_column][et_pb_column type=\u00bb1_4&#8243; _builder_version=\u00bb4.16&#8243; _module_preset=\u00bbdefault\u00bb global_colors_info=\u00bb{}\u00bb][et_pb_text _builder_version=\u00bb4.18.0&#8243; _module_preset=\u00bbdefault\u00bb text_line_height=\u00bb1.8em\u00bb link_text_align=\u00bbleft\u00bb link_text_color=\u00bb#ffffff\u00bb header_4_font=\u00bbMontserrat|700||on|||||\u00bb header_4_text_color=\u00bbrgba(255,255,255,0.5)\u00bb header_4_font_size=\u00bb14px\u00bb header_4_letter_spacing=\u00bb2px\u00bb header_4_line_height=\u00bb1.4em\u00bb background_layout=\u00bbdark\u00bb max_width=\u00bb600px\u00bb locked=\u00bboff\u00bb global_colors_info=\u00bb{}\u00bb]<\/p>\n<h4>Rooftop horario<\/h4>\n<p>10:00 h &#8211; 22:00 h<\/p>\n<p>&nbsp;<\/p>\n<p>&nbsp;<\/p>\n<p>[\/et_pb_text][\/et_pb_column][et_pb_column type=\u00bb1_4&#8243; _builder_version=\u00bb4.16&#8243; _module_preset=\u00bbdefault\u00bb global_colors_info=\u00bb{}\u00bb][et_pb_text _builder_version=\u00bb4.17.6&#8243; _module_preset=\u00bbdefault\u00bb text_line_height=\u00bb1.8em\u00bb link_text_align=\u00bbleft\u00bb link_text_color=\u00bb#ffffff\u00bb header_4_font=\u00bbMontserrat|700||on|||||\u00bb header_4_text_color=\u00bbrgba(255,255,255,0.5)\u00bb header_4_font_size=\u00bb14px\u00bb header_4_letter_spacing=\u00bb2px\u00bb header_4_line_height=\u00bb1.4em\u00bb background_layout=\u00bbdark\u00bb max_width=\u00bb600px\u00bb locked=\u00bboff\u00bb global_colors_info=\u00bb{}\u00bb]<\/p>\n<h4>Sobre Rooftop<\/h4>\n<p>\u00a1Votada como la mejor zona de atracciones de Lanzarote por TripAdvisor!<\/p>\n<p>Conecta con nosotros<\/p>\n<p>[\/et_pb_text][et_pb_social_media_follow _builder_version=\u00bb4.17.6&#8243; _module_preset=\u00bbdefault\u00bb global_colors_info=\u00bb{}\u00bb][et_pb_social_media_follow_network social_network=\u00bbfacebook\u00bb url=\u00bbhttps:\/\/www.facebook.com\/RooftopLanzarote\/\u00bb icon_color=\u00bb#FFFFFF\u00bb _builder_version=\u00bb4.17.6&#8243; _module_preset=\u00bbdefault\u00bb background_color=\u00bb#3b5998&#8243; global_colors_info=\u00bb{}\u00bb follow_button=\u00bboff\u00bb url_new_window=\u00bbon\u00bb]facebook[\/et_pb_social_media_follow_network][et_pb_social_media_follow_network social_network=\u00bbinstagram\u00bb url=\u00bbhttps:\/\/www.instagram.com\/explore\/locations\/885687291576707\/rooftop-entertainment\/\u00bb icon_color=\u00bb#FFFFFF\u00bb _builder_version=\u00bb4.17.6&#8243; _module_preset=\u00bbdefault\u00bb background_color=\u00bb#ea2c59&#8243; global_colors_info=\u00bb{}\u00bb follow_button=\u00bboff\u00bb url_new_window=\u00bbon\u00bb]instagram[\/et_pb_social_media_follow_network][et_pb_social_media_follow_network social_network=\u00bbtripadvisor\u00bb url=\u00bbhttps:\/\/www.tripadvisor.com\/Attraction_Review-g954043-d12123593-Reviews-Rooftop_Entertainment-Tias_Lanzarote_Canary_Islands.html\u00bb icon_color=\u00bb#FFFFFF\u00bb _builder_version=\u00bb4.17.6&#8243; _module_preset=\u00bbdefault\u00bb background_color=\u00bb#00af87&#8243; global_colors_info=\u00bb{}\u00bb follow_button=\u00bboff\u00bb url_new_window=\u00bbon\u00bb]tripadvisor[\/et_pb_social_media_follow_network][\/et_pb_social_media_follow][\/et_pb_column][\/et_pb_row][\/et_pb_section]<\/p>\n","protected":false},"excerpt":{"rendered":"<p>Lanzarote Skyride y oceandiveVisitas a la isla y Buceo en el oc\u00e9anotres experiencias \u00fanicas para descubrir lanzarote y FuerteventuraSkyride Lanzarote SKYRIDE ofrece un paseo virtual \u00fanico en la isla de [&hellip;]<\/p>\n","protected":false},"author":1,"featured_media":0,"parent":0,"menu_order":0,"comment_status":"closed","ping_status":"closed","template":"","meta":{"_et_pb_use_builder":"on","_et_pb_old_content":"","_et_gb_content_width":"","footnotes":""},"class_list":["post-229094","page","type-page","status-publish","hentry"],"_links":{"self":[{"href":"https:\/\/rooftopbiosfera.com\/es\/wp-json\/wp\/v2\/pages\/229094","targetHints":{"allow":["GET"]}}],"collection":[{"href":"https:\/\/rooftopbiosfera.com\/es\/wp-json\/wp\/v2\/pages"}],"about":[{"href":"https:\/\/rooftopbiosfera.com\/es\/wp-json\/wp\/v2\/types\/page"}],"author":[{"embeddable":true,"href":"https:\/\/rooftopbiosfera.com\/es\/wp-json\/wp\/v2\/users\/1"}],"replies":[{"embeddable":true,"href":"https:\/\/rooftopbiosfera.com\/es\/wp-json\/wp\/v2\/comments?post=229094"}],"version-history":[{"count":3,"href":"https:\/\/rooftopbiosfera.com\/es\/wp-json\/wp\/v2\/pages\/229094\/revisions"}],"predecessor-version":[{"id":229543,"href":"https:\/\/rooftopbiosfera.com\/es\/wp-json\/wp\/v2\/pages\/229094\/revisions\/229543"}],"wp:attachment":[{"href":"https:\/\/rooftopbiosfera.com\/es\/wp-json\/wp\/v2\/media?parent=229094"}],"curies":[{"name":"wp","href":"https:\/\/api.w.org\/{rel}","templated":true}]}}